{"id":359,"date":"2014-05-07T18:42:55","date_gmt":"2014-05-07T17:42:55","guid":{"rendered":"http:\/\/www.petterssonblog.de\/?page_id=359"},"modified":"2026-01-28T23:06:00","modified_gmt":"2026-01-28T22:06:00","slug":"impressum","status":"publish","type":"page","link":"https:\/\/www.petterssonblog.de\/?page_id=359","title":{"rendered":"Impressum"},"content":{"rendered":"<p><b>Internationale Allan-Pettersson-Gesellschaft e.V.<\/b><br \/>\nc\/o Dr. Michael Kube<br \/>\nSchulberg 2<br \/>\nD-72070 T\u00fcbingen<br \/>\nGermany<\/p>\n<p>Tel. +49-7071-22810<br \/>\nFax +49-7071-550617<\/p>\n<p>Internet: <a href=\"https:\/\/www.allanpettersson.de\/de\/\">allanpettersson.de<\/a><br \/>\nE-Mail:<a href=\"mailto:info@allanpettersson.de\">info(at)allanpettersson.de<\/a><\/p>\n<p>Vertretungsberechtigter Vorstand:<br \/>\nDr. Michael Kube (1. Vorsitzender),<br \/>\nProf. Dr. Peter Ruzicka (2. Vorsitzender)<br \/>\nRegistergericht: Amtsgericht Wuppertal<br \/>\nRegisternummer: Amtsgericht Wuppertal, VR 2630<br \/>\nInhaltlich Verantwortlicher gem\u00e4\u00df \u00a7 10 Absatz 3 MDStV: Dr. Michael Kube (Anschrift wie oben)<br \/>\nHaftungshinweis: Trotz sorgf\u00e4ltiger inhaltlicher Kontrolle \u00fcbernehmen wir keine Haftung f\u00fcr die Inhalte externer Links. F\u00fcr den Inhalt der verlinkten Seiten sind ausschlie\u00dflich deren Betreiber verantwortlich.<\/p>\n<p>Redaktion: Alexander Keuk (ViSdP) &#8211; <a title=\"Alexander Keuk - Komposition und Musikjournalismus\" href=\"http:\/\/www.keuk.de\">www.keuk.de<\/a><\/p>\n","protected":false},"excerpt":{"rendered":"<p>Internationale Allan-Pettersson-Gesellschaft e.V. c\/o Dr. Michael Kube Schulberg 2 D-72070 T\u00fcbingen Germany Tel. +49-7071-22810 Fax +49-7071-550617 Internet: allanpettersson.de E-Mail:info(at)allanpettersson.de Vertretungsberechtigter Vorstand: Dr. Michael Kube (1. Vorsitzender), Prof. Dr. Peter Ruzicka (2. Vorsitzender) Registergericht: Amtsgericht Wuppertal Registernummer: Amtsgericht Wuppertal, VR 2630 Inhaltlich Verantwortlicher gem\u00e4\u00df \u00a7 10 Absatz 3 MDStV: Dr. Michael Kube (Anschrift wie oben) Haftungshinweis: [&hellip;]<\/p>\n","protected":false},"author":1,"featured_media":0,"parent":0,"menu_order":0,"comment_status":"closed","ping_status":"closed","template":"","meta":[],"_links":{"self":[{"href":"https:\/\/www.petterssonblog.de\/index.php?rest_route=\/wp\/v2\/pages\/359"}],"collection":[{"href":"https:\/\/www.petterssonblog.de\/index.php?rest_route=\/wp\/v2\/pages"}],"about":[{"href":"https:\/\/www.petterssonblog.de\/index.php?rest_route=\/wp\/v2\/types\/page"}],"author":[{"embeddable":true,"href":"https:\/\/www.petterssonblog.de\/index.php?rest_route=\/wp\/v2\/users\/1"}],"replies":[{"embeddable":true,"href":"https:\/\/www.petterssonblog.de\/index.php?rest_route=%2Fwp%2Fv2%2Fcomments&post=359"}],"version-history":[{"count":6,"href":"https:\/\/www.petterssonblog.de\/index.php?rest_route=\/wp\/v2\/pages\/359\/revisions"}],"predecessor-version":[{"id":596,"href":"https:\/\/www.petterssonblog.de\/index.php?rest_route=\/wp\/v2\/pages\/359\/revisions\/596"}],"wp:attachment":[{"href":"https:\/\/www.petterssonblog.de\/index.php?rest_route=%2Fwp%2Fv2%2Fmedia&parent=359"}],"curies":[{"name":"wp","href":"https:\/\/api.w.org\/{rel}","templated":true}]}}